{"id":37,"date":"2025-05-30T09:20:33","date_gmt":"2025-05-30T09:20:33","guid":{"rendered":"https:\/\/www.philippelucas.fr\/?page_id=37"},"modified":"2026-03-22T04:17:15","modified_gmt":"2026-03-22T04:17:15","slug":"offres","status":"publish","type":"page","link":"https:\/\/philippelucas.fr\/en\/offres\/","title":{"rendered":"Online training"},"content":{"rendered":"<div data-elementor-type=\"wp-page\" data-elementor-id=\"37\" class=\"elementor elementor-37\">\n\t\t\t\t<div class=\"elementor-element elementor-element-92be45e e-flex e-con-boxed e-con e-parent\" data-id=\"92be45e\" data-element_type=\"container\" data-e-type=\"container\" data-settings=\"{&quot;background_background&quot;:&quot;classic&quot;}\">\n\t\t\t\t\t<div class=\"e-con-inner\">\n\t\t\t\t<div class=\"elementor-element elementor-element-ac837af elementor-widget elementor-widget-heading\" data-id=\"ac837af\" data-element_type=\"widget\" data-e-type=\"widget\" data-widget_type=\"heading.default\">\n\t\t\t\t<div class=\"elementor-widget-container\">\n\t\t\t\t\t<h2 class=\"elementor-heading-title elementor-size-default\">Your weekly swimming program<\/h2>\t\t\t\t<\/div>\n\t\t\t\t<\/div>\n\t\t\t\t<div class=\"elementor-element elementor-element-7cb0079 elementor-widget elementor-widget-text-editor\" data-id=\"7cb0079\" data-element_type=\"widget\" data-e-type=\"widget\" data-widget_type=\"text-editor.default\">\n\t\t\t\t<div class=\"elementor-widget-container\">\n\t\t\t\t\t\t\t\t\t<p>Get 3 training per week. By Philippe Lucas<br data-start=\"699\" data-end=\"702\" \/>Unlimited access from your account<\/p>\t\t\t\t\t\t\t\t<\/div>\n\t\t\t\t<\/div>\n\t\t\t\t<div class=\"elementor-element elementor-element-493a36b elementor-widget elementor-widget-text-editor\" data-id=\"493a36b\" data-element_type=\"widget\" data-e-type=\"widget\" data-widget_type=\"text-editor.default\">\n\t\t\t\t<div class=\"elementor-widget-container\">\n\t\t\t\t\t\t\t\t\t<p data-start=\"809\" data-end=\"849\">\u2705 3 PDF Training\/week<\/p><p data-start=\"852\" data-end=\"891\">\u2705  Every level trainings<\/p><p data-start=\"894\" data-end=\"930\">\u2705 Access by phone, tablet, computer<\/p><p data-start=\"933\" data-end=\"959\">\u2705 Can be terminated at any time<\/p><p data-start=\"933\" data-end=\"959\">\u2705 2 version per training (1h or 1h30)\u00a0<\/p>\t\t\t\t\t\t\t\t<\/div>\n\t\t\t\t<\/div>\n\t\t\t\t<div class=\"elementor-element elementor-element-cb9c9a3 elementor-widget elementor-widget-heading\" data-id=\"cb9c9a3\" data-element_type=\"widget\" data-e-type=\"widget\" data-widget_type=\"heading.default\">\n\t\t\t\t<div class=\"elementor-widget-container\">\n\t\t\t\t\t<h2 class=\"elementor-heading-title elementor-size-default\">Start now!<\/h2>\t\t\t\t<\/div>\n\t\t\t\t<\/div>\n\t\t\t\t<div class=\"elementor-element elementor-element-118e022 elementor-align-left elementor-widget elementor-widget-button\" data-id=\"118e022\" data-element_type=\"widget\" data-e-type=\"widget\" data-widget_type=\"button.default\">\n\t\t\t\t<div class=\"elementor-widget-container\">\n\t\t\t\t\t\t\t\t\t<div class=\"elementor-button-wrapper\">\n\t\t\t\t\t<a class=\"elementor-button elementor-button-link elementor-size-sm\" href=\"https:\/\/philippelucas.fr\/en\/register\/entrainements-hebdomadaire\/\">\n\t\t\t\t\t\t<span class=\"elementor-button-content-wrapper\">\n\t\t\t\t\t\t\t\t\t<span class=\"elementor-button-text\">Subscribe - \u20ac6.99\/week<\/span>\n\t\t\t\t\t<\/span>\n\t\t\t\t\t<\/a>\n\t\t\t\t<\/div>\n\t\t\t\t\t\t\t\t<\/div>\n\t\t\t\t<\/div>\n\t\t\t\t<div class=\"elementor-element elementor-element-baeb27d elementor-widget elementor-widget-button\" data-id=\"baeb27d\" data-element_type=\"widget\" data-e-type=\"widget\" data-widget_type=\"button.default\">\n\t\t\t\t<div class=\"elementor-widget-container\">\n\t\t\t\t\t\t\t\t\t<div class=\"elementor-button-wrapper\">\n\t\t\t\t\t<a class=\"elementor-button elementor-button-link elementor-size-sm\" href=\"https:\/\/philippelucas.fr\/en\/register\/entrainements-annuel\/\">\n\t\t\t\t\t\t<span class=\"elementor-button-content-wrapper\">\n\t\t\t\t\t\t\t\t\t<span class=\"elementor-button-text\">OFFER -&gt; 299\u20ac per year<\/span>\n\t\t\t\t\t<\/span>\n\t\t\t\t\t<\/a>\n\t\t\t\t<\/div>\n\t\t\t\t\t\t\t\t<\/div>\n\t\t\t\t<\/div>\n\t\t\t\t<div class=\"elementor-element elementor-element-97cc590 elementor-widget elementor-widget-button\" data-id=\"97cc590\" data-element_type=\"widget\" data-e-type=\"widget\" data-widget_type=\"button.default\">\n\t\t\t\t<div class=\"elementor-widget-container\">\n\t\t\t\t\t\t\t\t\t<div class=\"elementor-button-wrapper\">\n\t\t\t\t\t<a class=\"elementor-button elementor-button-link elementor-size-sm\" href=\"https:\/\/philippelucas.fr\/wp-content\/uploads\/2025\/06\/exemple-entrainement.pdf\">\n\t\t\t\t\t\t<span class=\"elementor-button-content-wrapper\">\n\t\t\t\t\t\t\t\t\t<span class=\"elementor-button-text\">Training Sample<\/span>\n\t\t\t\t\t<\/span>\n\t\t\t\t\t<\/a>\n\t\t\t\t<\/div>\n\t\t\t\t\t\t\t\t<\/div>\n\t\t\t\t<\/div>\n\t\t\t\t\t<\/div>\n\t\t\t\t<\/div>\n\t\t\t\t<\/div>","protected":false},"excerpt":{"rendered":"<p>Votre programme de natation chaque semaine Recevez 3 s\u00e9ances par semaine, con\u00e7ues par Philippe Lucas.Acc\u00e8s illimit\u00e9 depuis votre espace membre. [&hellip;]<\/p>\n","protected":false},"author":1,"featured_media":0,"parent":0,"menu_order":0,"comment_status":"closed","ping_status":"closed","template":"","meta":{"site-sidebar-layout":"no-sidebar","site-content-layout":"","ast-site-content-layout":"full-width-container","site-content-style":"default","site-sidebar-style":"default","ast-global-header-display":"","ast-banner-title-visibility":"","ast-main-header-display":"","ast-hfb-above-header-display":"","ast-hfb-below-header-display":"","ast-hfb-mobile-header-display":"","site-post-title":"disabled","ast-breadcrumbs-content":"","ast-featured-img":"disabled","footer-sml-layout":"","theme-transparent-header-meta":"","adv-header-id-meta":"","stick-header-meta":"","header-above-stick-meta":"","header-main-stick-meta":"","header-below-stick-meta":"","astra-migrate-meta-layouts":"default","ast-page-background-enabled":"default","ast-page-background-meta":{"desktop":{"background-color":"var(--ast-global-color-5)","background-image":"","background-repeat":"repeat","background-position":"center center","background-size":"auto","background-attachment":"scroll","background-type":"","background-media":"","overlay-type":"","overlay-color":"","overlay-opacity":"","overlay-gradient":""},"tablet":{"background-color":"","background-image":"","background-repeat":"repeat","background-position":"center center","background-size":"auto","background-attachment":"scroll","background-type":"","background-media":"","overlay-type":"","overlay-color":"","overlay-opacity":"","overlay-gradient":""},"mobile":{"background-color":"","background-image":"","background-repeat":"repeat","background-position":"center center","background-size":"auto","background-attachment":"scroll","background-type":"","background-media":"","overlay-type":"","overlay-color":"","overlay-opacity":"","overlay-gradient":""}},"ast-content-background-meta":{"desktop":{"background-color":"var(--ast-global-color-4)","background-image":"","background-repeat":"repeat","background-position":"center center","background-size":"auto","background-attachment":"scroll","background-type":"","background-media":"","overlay-type":"","overlay-color":"","overlay-opacity":"","overlay-gradient":""},"tablet":{"background-color":"var(--ast-global-color-4)","background-image":"","background-repeat":"repeat","background-position":"center center","background-size":"auto","background-attachment":"scroll","background-type":"","background-media":"","overlay-type":"","overlay-color":"","overlay-opacity":"","overlay-gradient":""},"mobile":{"background-color":"var(--ast-global-color-4)","background-image":"","background-repeat":"repeat","background-position":"center center","background-size":"auto","background-attachment":"scroll","background-type":"","background-media":"","overlay-type":"","overlay-color":"","overlay-opacity":"","overlay-gradient":""}},"footnotes":""},"class_list":["post-37","page","type-page","status-publish","hentry"],"yoast_head":"<!-- This site is optimized with the Yoast SEO plugin v27.5 - https:\/\/yoast.com\/product\/yoast-seo-wordpress\/ -->\n<title>Entra\u00eenements en ligne - Philippe Lucas<\/title>\n<meta name=\"robots\" content=\"index, follow, max-snippet:-1, max-image-preview:large, max-video-preview:-1\" \/>\n<link rel=\"canonical\" href=\"https:\/\/philippelucas.fr\/en\/offres\/\" \/>\n<meta property=\"og:locale\" content=\"en_US\" \/>\n<meta property=\"og:type\" content=\"article\" \/>\n<meta property=\"og:title\" content=\"Entra\u00eenements en ligne - Philippe Lucas\" \/>\n<meta property=\"og:description\" content=\"Votre programme de natation chaque semaine Recevez 3 s\u00e9ances par semaine, con\u00e7ues par Philippe Lucas.Acc\u00e8s illimit\u00e9 depuis votre espace membre. [&hellip;]\" \/>\n<meta property=\"og:url\" content=\"https:\/\/philippelucas.fr\/en\/offres\/\" \/>\n<meta property=\"og:site_name\" content=\"Philippe Lucas\" \/>\n<meta property=\"article:modified_time\" content=\"2026-03-22T04:17:15+00:00\" \/>\n<meta name=\"twitter:card\" content=\"summary_large_image\" \/>\n<meta name=\"twitter:label1\" content=\"Est. reading time\" \/>\n\t<meta name=\"twitter:data1\" content=\"2 minutes\" \/>\n<script type=\"application\/ld+json\" class=\"yoast-schema-graph\">{\"@context\":\"https:\\\/\\\/schema.org\",\"@graph\":[{\"@type\":\"WebPage\",\"@id\":\"https:\\\/\\\/philippelucas.fr\\\/offres\\\/\",\"url\":\"https:\\\/\\\/philippelucas.fr\\\/offres\\\/\",\"name\":\"Entra\u00eenements en ligne - Philippe Lucas\",\"isPartOf\":{\"@id\":\"https:\\\/\\\/philippelucas.fr\\\/#website\"},\"datePublished\":\"2025-05-30T09:20:33+00:00\",\"dateModified\":\"2026-03-22T04:17:15+00:00\",\"breadcrumb\":{\"@id\":\"https:\\\/\\\/philippelucas.fr\\\/offres\\\/#breadcrumb\"},\"inLanguage\":\"en-US\",\"potentialAction\":[{\"@type\":\"ReadAction\",\"target\":[\"https:\\\/\\\/philippelucas.fr\\\/offres\\\/\"]}]},{\"@type\":\"BreadcrumbList\",\"@id\":\"https:\\\/\\\/philippelucas.fr\\\/offres\\\/#breadcrumb\",\"itemListElement\":[{\"@type\":\"ListItem\",\"position\":1,\"name\":\"Accueil\",\"item\":\"https:\\\/\\\/philippelucas.fr\\\/\"},{\"@type\":\"ListItem\",\"position\":2,\"name\":\"Entra\u00eenements en ligne\"}]},{\"@type\":\"WebSite\",\"@id\":\"https:\\\/\\\/philippelucas.fr\\\/#website\",\"url\":\"https:\\\/\\\/philippelucas.fr\\\/\",\"name\":\"Philippe Lucas\",\"description\":\"Entrainements de natation\",\"publisher\":{\"@id\":\"https:\\\/\\\/philippelucas.fr\\\/#organization\"},\"potentialAction\":[{\"@type\":\"SearchAction\",\"target\":{\"@type\":\"EntryPoint\",\"urlTemplate\":\"https:\\\/\\\/philippelucas.fr\\\/?s={search_term_string}\"},\"query-input\":{\"@type\":\"PropertyValueSpecification\",\"valueRequired\":true,\"valueName\":\"search_term_string\"}}],\"inLanguage\":\"en-US\"},{\"@type\":\"Organization\",\"@id\":\"https:\\\/\\\/philippelucas.fr\\\/#organization\",\"name\":\"Philippe Lucas\",\"url\":\"https:\\\/\\\/philippelucas.fr\\\/\",\"logo\":{\"@type\":\"ImageObject\",\"inLanguage\":\"en-US\",\"@id\":\"https:\\\/\\\/philippelucas.fr\\\/#\\\/schema\\\/logo\\\/image\\\/\",\"url\":\"https:\\\/\\\/philippelucas.fr\\\/wp-content\\\/uploads\\\/2025\\\/06\\\/cropped-ChatGPT-Image-5-juin-2025-a-20_37_23-1.png\",\"contentUrl\":\"https:\\\/\\\/philippelucas.fr\\\/wp-content\\\/uploads\\\/2025\\\/06\\\/cropped-ChatGPT-Image-5-juin-2025-a-20_37_23-1.png\",\"width\":1024,\"height\":1012,\"caption\":\"Philippe Lucas\"},\"image\":{\"@id\":\"https:\\\/\\\/philippelucas.fr\\\/#\\\/schema\\\/logo\\\/image\\\/\"}}]}<\/script>\n<!-- \/ Yoast SEO plugin. -->","yoast_head_json":{"title":"Entra\u00eenements en ligne - Philippe Lucas","robots":{"index":"index","follow":"follow","max-snippet":"max-snippet:-1","max-image-preview":"max-image-preview:large","max-video-preview":"max-video-preview:-1"},"canonical":"https:\/\/philippelucas.fr\/en\/offres\/","og_locale":"en_US","og_type":"article","og_title":"Entra\u00eenements en ligne - Philippe Lucas","og_description":"Votre programme de natation chaque semaine Recevez 3 s\u00e9ances par semaine, con\u00e7ues par Philippe Lucas.Acc\u00e8s illimit\u00e9 depuis votre espace membre. [&hellip;]","og_url":"https:\/\/philippelucas.fr\/en\/offres\/","og_site_name":"Philippe Lucas","article_modified_time":"2026-03-22T04:17:15+00:00","twitter_card":"summary_large_image","twitter_misc":{"Est. reading time":"2 minutes"},"schema":{"@context":"https:\/\/schema.org","@graph":[{"@type":"WebPage","@id":"https:\/\/philippelucas.fr\/offres\/","url":"https:\/\/philippelucas.fr\/offres\/","name":"Entra\u00eenements en ligne - Philippe Lucas","isPartOf":{"@id":"https:\/\/philippelucas.fr\/#website"},"datePublished":"2025-05-30T09:20:33+00:00","dateModified":"2026-03-22T04:17:15+00:00","breadcrumb":{"@id":"https:\/\/philippelucas.fr\/offres\/#breadcrumb"},"inLanguage":"en-US","potentialAction":[{"@type":"ReadAction","target":["https:\/\/philippelucas.fr\/offres\/"]}]},{"@type":"BreadcrumbList","@id":"https:\/\/philippelucas.fr\/offres\/#breadcrumb","itemListElement":[{"@type":"ListItem","position":1,"name":"Accueil","item":"https:\/\/philippelucas.fr\/"},{"@type":"ListItem","position":2,"name":"Entra\u00eenements en ligne"}]},{"@type":"WebSite","@id":"https:\/\/philippelucas.fr\/#website","url":"https:\/\/philippelucas.fr\/","name":"Philippe Lucas","description":"Entrainements de natation","publisher":{"@id":"https:\/\/philippelucas.fr\/#organization"},"potentialAction":[{"@type":"SearchAction","target":{"@type":"EntryPoint","urlTemplate":"https:\/\/philippelucas.fr\/?s={search_term_string}"},"query-input":{"@type":"PropertyValueSpecification","valueRequired":true,"valueName":"search_term_string"}}],"inLanguage":"en-US"},{"@type":"Organization","@id":"https:\/\/philippelucas.fr\/#organization","name":"Philippe Lucas","url":"https:\/\/philippelucas.fr\/","logo":{"@type":"ImageObject","inLanguage":"en-US","@id":"https:\/\/philippelucas.fr\/#\/schema\/logo\/image\/","url":"https:\/\/philippelucas.fr\/wp-content\/uploads\/2025\/06\/cropped-ChatGPT-Image-5-juin-2025-a-20_37_23-1.png","contentUrl":"https:\/\/philippelucas.fr\/wp-content\/uploads\/2025\/06\/cropped-ChatGPT-Image-5-juin-2025-a-20_37_23-1.png","width":1024,"height":1012,"caption":"Philippe Lucas"},"image":{"@id":"https:\/\/philippelucas.fr\/#\/schema\/logo\/image\/"}}]}},"jetpack_sharing_enabled":true,"_links":{"self":[{"href":"https:\/\/philippelucas.fr\/en\/wp-json\/wp\/v2\/pages\/37","targetHints":{"allow":["GET"]}}],"collection":[{"href":"https:\/\/philippelucas.fr\/en\/wp-json\/wp\/v2\/pages"}],"about":[{"href":"https:\/\/philippelucas.fr\/en\/wp-json\/wp\/v2\/types\/page"}],"author":[{"embeddable":true,"href":"https:\/\/philippelucas.fr\/en\/wp-json\/wp\/v2\/users\/1"}],"replies":[{"embeddable":true,"href":"https:\/\/philippelucas.fr\/en\/wp-json\/wp\/v2\/comments?post=37"}],"version-history":[{"count":70,"href":"https:\/\/philippelucas.fr\/en\/wp-json\/wp\/v2\/pages\/37\/revisions"}],"predecessor-version":[{"id":635,"href":"https:\/\/philippelucas.fr\/en\/wp-json\/wp\/v2\/pages\/37\/revisions\/635"}],"wp:attachment":[{"href":"https:\/\/philippelucas.fr\/en\/wp-json\/wp\/v2\/media?parent=37"}],"curies":[{"name":"wp","href":"https:\/\/api.w.org\/{rel}","templated":true}]}}